{"id":5979,"date":"2021-10-27T09:29:36","date_gmt":"2021-10-27T13:29:36","guid":{"rendered":"https:\/\/prograin.boutiquegme.com\/home\/"},"modified":"2025-04-07T16:34:15","modified_gmt":"2025-04-07T20:34:15","slug":"accueil","status":"publish","type":"page","link":"https:\/\/prograin.boutiquegme.com\/fr\/","title":{"rendered":"Accueil"},"content":{"rendered":"<p><div class=\"fusion-fullwidth fullwidth-box fusion-builder-row-1 fusion-flex-container nonhundred-percent-fullwidth non-hundred-percent-height-scrolling\" style=\"--awb-border-radius-top-left:0px;--awb-border-radius-top-right:0px;--awb-border-radius-bottom-right:0px;--awb-border-radius-bottom-left:0px;--awb-flex-wrap:wrap;\" ><div class=\"fusion-builder-row fusion-row fusion-flex-align-items-flex-start fusion-flex-content-wrap\" style=\"max-width:1352px;margin-left: calc(-4% \/ 2 );margin-right: calc(-4% \/ 2 );\"><div class=\"fusion-layout-column fusion_builder_column fusion-builder-column-0 fusion_builder_column_1_3 1_3 fusion-flex-column\" style=\"--awb-padding-top:50px;--awb-padding-right:20px;--awb-padding-bottom:50px;--awb-padding-left:20px;--awb-bg-color:#000000;--awb-bg-color-hover:#000000;--awb-bg-size:cover;--awb-width-large:33.333333333333%;--awb-margin-top-large:0px;--awb-spacing-right-large:5.76%;--awb-margin-bottom-large:20px;--awb-spacing-left-large:5.76%;--awb-width-medium:100%;--awb-order-medium:0;--awb-spacing-right-medium:1.92%;--awb-spacing-left-medium:1.92%;--awb-width-small:100%;--awb-order-small:0;--awb-spacing-right-small:1.92%;--awb-spacing-left-small:1.92%;\"><div class=\"fusion-column-wrapper fusion-column-has-shadow fusion-flex-justify-content-flex-start fusion-content-layout-column\"><div class=\"fusion-text fusion-text-1\" style=\"--awb-font-size:10px;--awb-text-transform:none;--awb-text-color:#ffffff;--awb-margin-top:20px;\"><p>boutiquegme.com<\/p>\n<p>2892 Route Harwood<br \/>\nST-LAZARE, QC. Canada J7T 2H7<\/p>\n<p>T\u00e9l: 450-458-3328<br \/>\nFax: 450-458-7376<br \/>\nCourriel: <span style=\"color: #ffffff;\"><a style=\"color: #ffffff;\" href=\"mailto:geoffm@videotron.ca\">geoffm@videotron.ca<\/a><\/span><\/p>\n<\/div><\/div><\/div><div class=\"fusion-layout-column fusion_builder_column fusion-builder-column-1 fusion_builder_column_2_3 2_3 fusion-flex-column\" style=\"--awb-bg-size:cover;--awb-width-large:66.666666666667%;--awb-margin-top-large:0px;--awb-spacing-right-large:2.88%;--awb-margin-bottom-large:20px;--awb-spacing-left-large:2.88%;--awb-width-medium:100%;--awb-order-medium:0;--awb-spacing-right-medium:1.92%;--awb-spacing-left-medium:1.92%;--awb-width-small:100%;--awb-order-small:0;--awb-spacing-right-small:1.92%;--awb-spacing-left-small:1.92%;\"><div class=\"fusion-column-wrapper fusion-column-has-shadow fusion-flex-justify-content-flex-start fusion-content-layout-column\"><div class=\"fusion-title title fusion-title-1 fusion-sep-none fusion-title-text fusion-title-size-one\"><h1 class=\"fusion-title-heading title-heading-left\" style=\"margin:0;\">Bienvenu dans la boutique<\/h1><\/div><div class=\"fusion-text fusion-text-2\" style=\"--awb-text-transform:none;\"><p>Cher employ\u00e9 de Prograin,<\/p>\n<p>GME, votre fournisseur de v\u00eatements promotionnels et corporatifs, vous propose une collection de v\u00eatements enti\u00e8rement personnalis\u00e9s \u00e0 l&#8217;image de votre entreprise \u00e0 des prix tr\u00e8s comp\u00e9titifs.<\/p>\n<p>La boutique virtuelle vous offre un moyen simple d&#8217;acheter vos produits en temps r\u00e9el. Lors de votre premier achat, vous devrez initialiser votre compte en quelques \u00e9tapes simples.<\/p>\n<p>Par la suite, en utilisant la m\u00eame adresse e-mail et le m\u00eame mot de passe, vous pourrez acheter directement et effectuer vos paiements ; soit par carte de cr\u00e9dit ou virement PayPal. Des frais de port vous seront factur\u00e9s si vous souhaitez une livraison \u00e0 domicile.<\/p>\n<p>La cueillette \u00e0 nos bureaux ou dans les locaux de Prograin est gratuite en cochant l&#8217;option de cueillette en magasin dans l&#8217;onglet adresse de livraison.<\/p>\n<p>Bienvenue et bon magasinage !<\/p>\n<p>Si vous avez des questions, appelez Boutique GME.<\/p>\n<\/div><\/div><\/div><\/div><\/div><\/p>\n","protected":false},"excerpt":{"rendered":"","protected":false},"author":1,"featured_media":5854,"parent":0,"menu_order":0,"comment_status":"closed","ping_status":"closed","template":"","meta":{"wcps_page_is_protected":false,"footnotes":""},"class_list":["post-5979","page","type-page","status-publish","has-post-thumbnail","hentry"],"_links":{"self":[{"href":"https:\/\/prograin.boutiquegme.com\/fr\/wp-json\/wp\/v2\/pages\/5979","targetHints":{"allow":["GET"]}}],"collection":[{"href":"https:\/\/prograin.boutiquegme.com\/fr\/wp-json\/wp\/v2\/pages"}],"about":[{"href":"https:\/\/prograin.boutiquegme.com\/fr\/wp-json\/wp\/v2\/types\/page"}],"author":[{"embeddable":true,"href":"https:\/\/prograin.boutiquegme.com\/fr\/wp-json\/wp\/v2\/users\/1"}],"replies":[{"embeddable":true,"href":"https:\/\/prograin.boutiquegme.com\/fr\/wp-json\/wp\/v2\/comments?post=5979"}],"version-history":[{"count":4,"href":"https:\/\/prograin.boutiquegme.com\/fr\/wp-json\/wp\/v2\/pages\/5979\/revisions"}],"predecessor-version":[{"id":8876,"href":"https:\/\/prograin.boutiquegme.com\/fr\/wp-json\/wp\/v2\/pages\/5979\/revisions\/8876"}],"wp:featuredmedia":[{"embeddable":true,"href":"https:\/\/prograin.boutiquegme.com\/fr\/wp-json\/wp\/v2\/media\/5854"}],"wp:attachment":[{"href":"https:\/\/prograin.boutiquegme.com\/fr\/wp-json\/wp\/v2\/media?parent=5979"}],"curies":[{"name":"wp","href":"https:\/\/api.w.org\/{rel}","templated":true}]}}