{"id":5981,"date":"2021-07-22T09:37:03","date_gmt":"2021-07-22T13:37:03","guid":{"rendered":"https:\/\/prograin.boutiquegme.com\/faq\/"},"modified":"2024-08-22T11:30:15","modified_gmt":"2024-08-22T15:30:15","slug":"faq","status":"publish","type":"page","link":"https:\/\/prograin.boutiquegme.com\/fr\/faq\/","title":{"rendered":"FAQ"},"content":{"rendered":"<div class=\"fusion-fullwidth fullwidth-box fusion-builder-row-1 fusion-flex-container hundred-percent-fullwidth non-hundred-percent-height-scrolling\" style=\"--awb-border-radius-top-left:0px;--awb-border-radius-top-right:0px;--awb-border-radius-bottom-right:0px;--awb-border-radius-bottom-left:0px;--awb-flex-wrap:wrap;\" ><div class=\"fusion-builder-row fusion-row fusion-flex-align-items-flex-start fusion-flex-content-wrap\" style=\"width:104% !important;max-width:104% !important;margin-left: calc(-4% \/ 2 );margin-right: calc(-4% \/ 2 );\"><div class=\"fusion-layout-column fusion_builder_column fusion-builder-column-0 fusion_builder_column_2_3 2_3 fusion-flex-column\" style=\"--awb-bg-size:cover;--awb-width-large:66.666666666667%;--awb-margin-top-large:0px;--awb-spacing-right-large:2.88%;--awb-margin-bottom-large:20px;--awb-spacing-left-large:2.88%;--awb-width-medium:100%;--awb-order-medium:0;--awb-spacing-right-medium:1.92%;--awb-spacing-left-medium:1.92%;--awb-width-small:100%;--awb-order-small:0;--awb-spacing-right-small:1.92%;--awb-spacing-left-small:1.92%;\"><div class=\"fusion-column-wrapper fusion-column-has-shadow fusion-flex-justify-content-flex-start fusion-content-layout-column\"><div class=\"fusion-title title fusion-title-1 fusion-sep-none fusion-title-text fusion-title-size-one\" style=\"--awb-text-color:#000000;--awb-margin-bottom:50px;\"><h1 class=\"fusion-title-heading title-heading-left\" style=\"margin:0;\">Compte<\/h1><\/div><div class=\"accordian fusion-accordian\" style=\"--awb-border-size:1px;--awb-icon-size:22px;--awb-content-font-size:18px;--awb-icon-alignment:left;--awb-hover-color:#ffffff;--awb-border-color:#e2e2e2;--awb-background-color:#ffffff;--awb-divider-color:#e2e2e2;--awb-divider-hover-color:#e2e2e2;--awb-icon-color:#ffffff;--awb-title-color:#000000;--awb-content-color:#221f1f;--awb-icon-box-color:#f4b223;--awb-toggle-hover-accent-color:#000000;--awb-title-font-family:&quot;Roboto&quot;;--awb-title-font-weight:300;--awb-title-font-style:normal;--awb-title-font-size:20px;--awb-content-font-family:&quot;Roboto&quot;;--awb-content-font-style:normal;--awb-content-font-weight:300;\"><div class=\"panel-group fusion-toggle-icon-boxed\" id=\"accordion-5981-1\"><div class=\"fusion-panel panel-default panel-1e41da7caf1027981 fusion-toggle-has-divider\" style=\"--awb-title-color:#000000;--awb-content-color:#221f1f;\"><div class=\"panel-heading\"><h4 class=\"panel-title toggle\" id=\"toggle_1e41da7caf1027981\"><a aria-expanded=\"false\" aria-controls=\"1e41da7caf1027981\" role=\"button\" data-toggle=\"collapse\" data-parent=\"#accordion-5981-1\" data-target=\"#1e41da7caf1027981\" href=\"#1e41da7caf1027981\"><span class=\"fusion-toggle-icon-wrapper\" aria-hidden=\"true\"><i class=\"fa-fusion-box active-icon awb-icon-minus\" aria-hidden=\"true\"><\/i><i class=\"fa-fusion-box inactive-icon awb-icon-plus\" aria-hidden=\"true\"><\/i><\/span><span class=\"fusion-toggle-heading\">J'essaie de cr\u00e9er un compte. Pourquoi le formulaire rejette-t-il mon adresse email ?<\/span><\/a><\/h4><\/div><div id=\"1e41da7caf1027981\" class=\"panel-collapse collapse \" aria-labelledby=\"toggle_1e41da7caf1027981\"><div class=\"panel-body toggle-content fusion-clearfix\">Votre adresse email doit suivre le format standard (naniel@gmail.com). Si vous rencontrez toujours des difficult\u00e9s apr\u00e8s v\u00e9rification du format, assurez-vous que l&#8217;adresse en question n&#8217;est pas d\u00e9j\u00e0 associ\u00e9e \u00e0 un autre compte sur ce site.<\/div><\/div><\/div><div class=\"fusion-panel panel-default panel-399d66d316827873e fusion-toggle-has-divider\" style=\"--awb-title-color:#000000;--awb-content-color:#221f1f;\"><div class=\"panel-heading\"><h4 class=\"panel-title toggle\" id=\"toggle_399d66d316827873e\"><a aria-expanded=\"false\" aria-controls=\"399d66d316827873e\" role=\"button\" data-toggle=\"collapse\" data-parent=\"#accordion-5981-1\" data-target=\"#399d66d316827873e\" href=\"#399d66d316827873e\"><span class=\"fusion-toggle-icon-wrapper\" aria-hidden=\"true\"><i class=\"fa-fusion-box active-icon awb-icon-minus\" aria-hidden=\"true\"><\/i><i class=\"fa-fusion-box inactive-icon awb-icon-plus\" aria-hidden=\"true\"><\/i><\/span><span class=\"fusion-toggle-heading\">J'ai oubli\u00e9 mon mot de passe. Comment puis-je en obtenir un nouveau ?<\/span><\/a><\/h4><\/div><div id=\"399d66d316827873e\" class=\"panel-collapse collapse \" aria-labelledby=\"toggle_399d66d316827873e\"><div class=\"panel-body toggle-content fusion-clearfix\">\n<p>Aucun probl\u00e8me ! Depuis l&#8217;\u00e9cran \u00ab Connexion \u00bb, cliquez sur \u00ab Mot de passe oubli\u00e9 ? \u00bb Et nous vous enverrons un e-mail pour r\u00e9initialiser votre mot de passe.<\/p>\n<\/div><\/div><\/div><div class=\"fusion-panel panel-default panel-bc639d68a11a54916 fusion-toggle-has-divider\" style=\"--awb-title-color:#000000;--awb-content-color:#221f1f;\"><div class=\"panel-heading\"><h4 class=\"panel-title toggle\" id=\"toggle_bc639d68a11a54916\"><a aria-expanded=\"false\" aria-controls=\"bc639d68a11a54916\" role=\"button\" data-toggle=\"collapse\" data-parent=\"#accordion-5981-1\" data-target=\"#bc639d68a11a54916\" href=\"#bc639d68a11a54916\"><span class=\"fusion-toggle-icon-wrapper\" aria-hidden=\"true\"><i class=\"fa-fusion-box active-icon awb-icon-minus\" aria-hidden=\"true\"><\/i><i class=\"fa-fusion-box inactive-icon awb-icon-plus\" aria-hidden=\"true\"><\/i><\/span><span class=\"fusion-toggle-heading\">Puis-je effectuer un achat sans \u00eatre membre ? Puis-je effectuer un achat sans \u00eatre membre ?<\/span><\/a><\/h4><\/div><div id=\"bc639d68a11a54916\" class=\"panel-collapse collapse \" aria-labelledby=\"toggle_bc639d68a11a54916\"><div class=\"panel-body toggle-content fusion-clearfix\">\n<p>Non<\/p>\n<\/div><\/div><\/div><div class=\"fusion-panel panel-default panel-a809a65cda5fa37e4 fusion-toggle-has-divider\" style=\"--awb-title-color:#000000;--awb-content-color:#221f1f;\"><div class=\"panel-heading\"><h4 class=\"panel-title toggle\" id=\"toggle_a809a65cda5fa37e4\"><a aria-expanded=\"false\" aria-controls=\"a809a65cda5fa37e4\" role=\"button\" data-toggle=\"collapse\" data-parent=\"#accordion-5981-1\" data-target=\"#a809a65cda5fa37e4\" href=\"#a809a65cda5fa37e4\"><span class=\"fusion-toggle-icon-wrapper\" aria-hidden=\"true\"><i class=\"fa-fusion-box active-icon awb-icon-minus\" aria-hidden=\"true\"><\/i><i class=\"fa-fusion-box inactive-icon awb-icon-plus\" aria-hidden=\"true\"><\/i><\/span><span class=\"fusion-toggle-heading\">Puis-je utiliser le num\u00e9ro de membre de quelqu'un d'autre ?<\/span><\/a><\/h4><\/div><div id=\"a809a65cda5fa37e4\" class=\"panel-collapse collapse \" aria-labelledby=\"toggle_a809a65cda5fa37e4\"><div class=\"panel-body toggle-content fusion-clearfix\">\n<p>Non<\/p>\n<\/div><\/div><\/div><\/div><\/div><div class=\"fusion-title title fusion-title-2 fusion-sep-none fusion-title-text fusion-title-size-one\" style=\"--awb-text-color:#000000;--awb-margin-top:100px;--awb-margin-bottom:50px;\"><h1 class=\"fusion-title-heading title-heading-left\" style=\"margin:0;\">Commande<\/h1><\/div><div class=\"accordian fusion-accordian\" style=\"--awb-border-size:1px;--awb-icon-size:22px;--awb-content-font-size:18px;--awb-icon-alignment:left;--awb-hover-color:#ffffff;--awb-border-color:#e2e2e2;--awb-background-color:#ffffff;--awb-divider-color:#e2e2e2;--awb-divider-hover-color:#e2e2e2;--awb-icon-color:#ffffff;--awb-title-color:#000000;--awb-content-color:#221f1f;--awb-icon-box-color:#f4b223;--awb-toggle-hover-accent-color:#000000;--awb-title-font-family:&quot;Roboto&quot;;--awb-title-font-weight:300;--awb-title-font-style:normal;--awb-title-font-size:20px;--awb-content-font-family:&quot;Roboto&quot;;--awb-content-font-style:normal;--awb-content-font-weight:300;\"><div class=\"panel-group fusion-toggle-icon-boxed\" id=\"accordion-5981-2\"><div class=\"fusion-panel panel-default panel-301ebaefc5d96dfc1 fusion-toggle-has-divider\" style=\"--awb-title-color:#000000;--awb-content-color:#221f1f;\"><div class=\"panel-heading\"><h4 class=\"panel-title toggle\" id=\"toggle_301ebaefc5d96dfc1\"><a aria-expanded=\"false\" aria-controls=\"301ebaefc5d96dfc1\" role=\"button\" data-toggle=\"collapse\" data-parent=\"#accordion-5981-2\" data-target=\"#301ebaefc5d96dfc1\" href=\"#301ebaefc5d96dfc1\"><span class=\"fusion-toggle-icon-wrapper\" aria-hidden=\"true\"><i class=\"fa-fusion-box active-icon awb-icon-minus\" aria-hidden=\"true\"><\/i><i class=\"fa-fusion-box inactive-icon awb-icon-plus\" aria-hidden=\"true\"><\/i><\/span><span class=\"fusion-toggle-heading\">Pourquoi ma commande a-t-elle \u00e9t\u00e9 annul\u00e9e ?<\/span><\/a><\/h4><\/div><div id=\"301ebaefc5d96dfc1\" class=\"panel-collapse collapse \" aria-labelledby=\"toggle_301ebaefc5d96dfc1\"><div class=\"panel-body toggle-content fusion-clearfix\">\n<p>Plusieurs raisons peuvent expliquer l\u2019annulation d\u2019une commande dans votre historique. L\u2019un d\u2019eux peut \u00eatre que nous avions pr\u00e9vu d\u2019exp\u00e9dier votre commande depuis un magasin, mais que nous avons d\u00fb l\u2019exp\u00e9dier depuis un autre magasin. Si tel est le cas, vous devriez voir une commande identique avec un num\u00e9ro de suivi juste au-dessus de celui qui a \u00e9t\u00e9 annul\u00e9.<\/p>\n<p>Votre commande peut \u00e9galement avoir \u00e9t\u00e9 annul\u00e9e en raison d&#8217;un paiement refus\u00e9, d&#8217;une adresse de facturation qui ne correspond pas \u00e0 celle associ\u00e9e \u00e0 votre carte de cr\u00e9dit ou d&#8217;autres probl\u00e8mes d&#8217;autorisation. V\u00e9rifiez votre bo\u00eete de r\u00e9ception pour recevoir un message de notre \u00e9quipe de gestion des commandes ou contactez notre Service Desk.<\/p>\n<\/div><\/div><\/div><div class=\"fusion-panel panel-default panel-928b94ff8ddc5cf66 fusion-toggle-has-divider\" style=\"--awb-title-color:#000000;--awb-content-color:#221f1f;\"><div class=\"panel-heading\"><h4 class=\"panel-title toggle\" id=\"toggle_928b94ff8ddc5cf66\"><a aria-expanded=\"false\" aria-controls=\"928b94ff8ddc5cf66\" role=\"button\" data-toggle=\"collapse\" data-parent=\"#accordion-5981-2\" data-target=\"#928b94ff8ddc5cf66\" href=\"#928b94ff8ddc5cf66\"><span class=\"fusion-toggle-icon-wrapper\" aria-hidden=\"true\"><i class=\"fa-fusion-box active-icon awb-icon-minus\" aria-hidden=\"true\"><\/i><i class=\"fa-fusion-box inactive-icon awb-icon-plus\" aria-hidden=\"true\"><\/i><\/span><span class=\"fusion-toggle-heading\">Puis-je annuler une commande ?<\/span><\/a><\/h4><\/div><div id=\"928b94ff8ddc5cf66\" class=\"panel-collapse collapse \" aria-labelledby=\"toggle_928b94ff8ddc5cf66\"><div class=\"panel-body toggle-content fusion-clearfix\">Si votre commande est toujours en cours de traitement, vous pouvez l&#8217;annuler. Contactez-nous par t\u00e9l\u00e9phone au 450-458-3328<\/div><\/div><\/div><div class=\"fusion-panel panel-default panel-e76c7db31e858a691 fusion-toggle-has-divider\"><div class=\"panel-heading\"><h4 class=\"panel-title toggle\" id=\"toggle_e76c7db31e858a691\"><a aria-expanded=\"false\" aria-controls=\"e76c7db31e858a691\" role=\"button\" data-toggle=\"collapse\" data-parent=\"#accordion-5981-2\" data-target=\"#e76c7db31e858a691\" href=\"#e76c7db31e858a691\"><span class=\"fusion-toggle-icon-wrapper\" aria-hidden=\"true\"><i class=\"fa-fusion-box active-icon awb-icon-minus\" aria-hidden=\"true\"><\/i><i class=\"fa-fusion-box inactive-icon awb-icon-plus\" aria-hidden=\"true\"><\/i><\/span><span class=\"fusion-toggle-heading\">Quelqu'un d'autre peut-il r\u00e9cup\u00e9rer ma commande chez Prograin ?<\/span><\/a><\/h4><\/div><div id=\"e76c7db31e858a691\" class=\"panel-collapse collapse \" aria-labelledby=\"toggle_e76c7db31e858a691\"><div class=\"panel-body toggle-content fusion-clearfix\">Oui, avec le num\u00e9ro de confirmation de commande.<\/div><\/div><\/div><div class=\"fusion-panel panel-default panel-3513a8b03b02c42c8 fusion-toggle-has-divider\" style=\"--awb-title-color:#000000;--awb-content-color:#221f1f;\"><div class=\"panel-heading\"><h4 class=\"panel-title toggle\" id=\"toggle_3513a8b03b02c42c8\"><a aria-expanded=\"false\" aria-controls=\"3513a8b03b02c42c8\" role=\"button\" data-toggle=\"collapse\" data-parent=\"#accordion-5981-2\" data-target=\"#3513a8b03b02c42c8\" href=\"#3513a8b03b02c42c8\"><span class=\"fusion-toggle-icon-wrapper\" aria-hidden=\"true\"><i class=\"fa-fusion-box active-icon awb-icon-minus\" aria-hidden=\"true\"><\/i><i class=\"fa-fusion-box inactive-icon awb-icon-plus\" aria-hidden=\"true\"><\/i><\/span><span class=\"fusion-toggle-heading\">Quels modes de paiement acceptez-vous ?<\/span><\/a><\/h4><\/div><div id=\"3513a8b03b02c42c8\" class=\"panel-collapse collapse \" aria-labelledby=\"toggle_3513a8b03b02c42c8\"><div class=\"panel-body toggle-content fusion-clearfix\">Vous pouvez r\u00e9gler vos commandes en ligne avec une Visa ou MasterCard et avec Paypal.<\/div><\/div><\/div><div class=\"fusion-panel panel-default panel-7a4d38aeae057463c fusion-toggle-has-divider\" style=\"--awb-title-color:#000000;--awb-content-color:#221f1f;\"><div class=\"panel-heading\"><h4 class=\"panel-title toggle\" id=\"toggle_7a4d38aeae057463c\"><a aria-expanded=\"false\" aria-controls=\"7a4d38aeae057463c\" role=\"button\" data-toggle=\"collapse\" data-parent=\"#accordion-5981-2\" data-target=\"#7a4d38aeae057463c\" href=\"#7a4d38aeae057463c\"><span class=\"fusion-toggle-icon-wrapper\" aria-hidden=\"true\"><i class=\"fa-fusion-box active-icon awb-icon-minus\" aria-hidden=\"true\"><\/i><i class=\"fa-fusion-box inactive-icon awb-icon-plus\" aria-hidden=\"true\"><\/i><\/span><span class=\"fusion-toggle-heading\">Comment fonctionne le syst\u00e8me de points de r\u00e9compense ?<\/span><\/a><\/h4><\/div><div id=\"7a4d38aeae057463c\" class=\"panel-collapse collapse \" aria-labelledby=\"toggle_7a4d38aeae057463c\"><div class=\"panel-body toggle-content fusion-clearfix\">1 $ \u00e9quivaut \u00e0 100 points<\/div><\/div><\/div><\/div><\/div><\/div><\/div><div class=\"fusion-layout-column fusion_builder_column fusion-builder-column-1 fusion_builder_column_1_3 1_3 fusion-flex-column fusion-flex-align-self-stretch fusion-no-small-visibility fusion-no-medium-visibility\" style=\"--awb-bg-size:cover;--awb-width-large:33.333333333333%;--awb-margin-top-large:0px;--awb-spacing-right-large:5.76%;--awb-margin-bottom-large:20px;--awb-spacing-left-large:5.76%;--awb-width-medium:33.333333333333%;--awb-order-medium:0;--awb-spacing-right-medium:5.76%;--awb-spacing-left-medium:5.76%;--awb-width-small:100%;--awb-order-small:0;--awb-spacing-right-small:1.92%;--awb-spacing-left-small:1.92%;\"><div class=\"fusion-column-wrapper fusion-column-has-shadow fusion-flex-justify-content-center fusion-content-layout-column\"><\/div><\/div><\/div><\/div>\n","protected":false},"excerpt":{"rendered":"","protected":false},"author":1,"featured_media":5856,"parent":0,"menu_order":0,"comment_status":"closed","ping_status":"closed","template":"","meta":{"wcps_page_is_protected":false,"footnotes":""},"class_list":["post-5981","page","type-page","status-publish","has-post-thumbnail","hentry"],"_links":{"self":[{"href":"https:\/\/prograin.boutiquegme.com\/fr\/wp-json\/wp\/v2\/pages\/5981","targetHints":{"allow":["GET"]}}],"collection":[{"href":"https:\/\/prograin.boutiquegme.com\/fr\/wp-json\/wp\/v2\/pages"}],"about":[{"href":"https:\/\/prograin.boutiquegme.com\/fr\/wp-json\/wp\/v2\/types\/page"}],"author":[{"embeddable":true,"href":"https:\/\/prograin.boutiquegme.com\/fr\/wp-json\/wp\/v2\/users\/1"}],"replies":[{"embeddable":true,"href":"https:\/\/prograin.boutiquegme.com\/fr\/wp-json\/wp\/v2\/comments?post=5981"}],"version-history":[{"count":4,"href":"https:\/\/prograin.boutiquegme.com\/fr\/wp-json\/wp\/v2\/pages\/5981\/revisions"}],"predecessor-version":[{"id":8653,"href":"https:\/\/prograin.boutiquegme.com\/fr\/wp-json\/wp\/v2\/pages\/5981\/revisions\/8653"}],"wp:featuredmedia":[{"embeddable":true,"href":"https:\/\/prograin.boutiquegme.com\/fr\/wp-json\/wp\/v2\/media\/5856"}],"wp:attachment":[{"href":"https:\/\/prograin.boutiquegme.com\/fr\/wp-json\/wp\/v2\/media?parent=5981"}],"curies":[{"name":"wp","href":"https:\/\/api.w.org\/{rel}","templated":true}]}}